{"id":1182,"date":"2025-04-15T11:36:36","date_gmt":"2025-04-15T09:36:36","guid":{"rendered":"https:\/\/algeditech.com\/montage-et-expedition\/"},"modified":"2025-06-05T10:20:09","modified_gmt":"2025-06-05T08:20:09","slug":"montage-et-expedition","status":"publish","type":"page","link":"https:\/\/algeditech.com\/fr\/montage-et-expedition\/","title":{"rendered":"Montage et Exp\u00e9dition"},"content":{"rendered":"\t\t<div data-elementor-type=\"wp-page\" data-elementor-id=\"1182\" class=\"elementor elementor-1182 elementor-471\" data-elementor-post-type=\"page\">\n\t\t\t\t<div class=\"elementor-element elementor-element-14358a37 e-con-full e-flex e-con e-parent\" data-id=\"14358a37\" data-element_type=\"container\" data-e-type=\"container\" data-settings=\"{&quot;background_background&quot;:&quot;classic&quot;}\">\n\t\t<div class=\"elementor-element elementor-element-5aa6ef82 e-con-full e-flex e-con e-child\" data-id=\"5aa6ef82\" data-element_type=\"container\" data-e-type=\"container\">\n\t\t\t\t<div class=\"elementor-element elementor-element-41a6a4ea elementor-widget elementor-widget-heading\" data-id=\"41a6a4ea\" data-element_type=\"widget\" data-e-type=\"widget\" data-widget_type=\"heading.default\">\n\t\t\t\t\t<h1 class=\"elementor-heading-title elementor-size-default\">MONTAGE ET EXP\u00c9DITION<\/h1>\t\t\t\t<\/div>\n\t\t\t\t<\/div>\n\t\t\t\t<\/div>\n\t\t<div class=\"elementor-element elementor-element-70decfbf e-con-full e-flex e-con e-parent\" data-id=\"70decfbf\" data-element_type=\"container\" data-e-type=\"container\" data-settings=\"{&quot;background_background&quot;:&quot;classic&quot;}\">\n\t\t<div class=\"elementor-element elementor-element-582e0430 e-flex e-con-boxed e-con e-child\" data-id=\"582e0430\" data-element_type=\"container\" data-e-type=\"container\" data-settings=\"{&quot;background_background&quot;:&quot;classic&quot;}\">\n\t\t\t\t\t<div class=\"e-con-inner\">\n\t\t\t\t<div class=\"elementor-element elementor-element-1aec471c elementor-widget elementor-widget-heading\" data-id=\"1aec471c\" data-element_type=\"widget\" data-e-type=\"widget\" data-widget_type=\"heading.default\">\n\t\t\t\t\t<h2 class=\"elementor-heading-title elementor-size-default\">MONTAGE<\/h2>\t\t\t\t<\/div>\n\t\t\t\t<div class=\"elementor-element elementor-element-2ad7f0a1 elementor-widget-divider--view-line elementor-widget elementor-widget-divider\" data-id=\"2ad7f0a1\" data-element_type=\"widget\" data-e-type=\"widget\" data-widget_type=\"divider.default\">\n\t\t\t\t\t\t\t<div class=\"elementor-divider\">\n\t\t\t<span class=\"elementor-divider-separator\">\n\t\t\t\t\t\t<\/span>\n\t\t<\/div>\n\t\t\t\t\t\t<\/div>\n\t\t\t\t<div class=\"elementor-element elementor-element-205f550f elementor-widget elementor-widget-text-editor\" data-id=\"205f550f\" data-element_type=\"widget\" data-e-type=\"widget\" data-widget_type=\"text-editor.default\">\n\t\t\t\t\t\t\t\t\t<p>Nous vous assistons dans les phases de <strong>montage<\/strong> et <strong>pr\u00e9montage<\/strong> des mat\u00e9riels \u00e0 travers des <strong>prestataires sp\u00e9cialis\u00e9s<\/strong>.<\/p>\t\t\t\t\t\t\t\t<\/div>\n\t\t\t\t<div class=\"elementor-element elementor-element-a378b43 elementor-widget elementor-widget-spacer\" data-id=\"a378b43\" data-element_type=\"widget\" data-e-type=\"widget\" data-widget_type=\"spacer.default\">\n\t\t\t\t\t\t\t<div class=\"elementor-spacer\">\n\t\t\t<div class=\"elementor-spacer-inner\"><\/div>\n\t\t<\/div>\n\t\t\t\t\t\t<\/div>\n\t\t\t\t<div class=\"elementor-element elementor-element-391ec269 elementor-widget elementor-widget-heading\" data-id=\"391ec269\" data-element_type=\"widget\" data-e-type=\"widget\" data-widget_type=\"heading.default\">\n\t\t\t\t\t<h2 class=\"elementor-heading-title elementor-size-default\">EXP\u00c9DITION<\/h2>\t\t\t\t<\/div>\n\t\t\t\t<div class=\"elementor-element elementor-element-608210b5 elementor-widget-divider--view-line elementor-widget elementor-widget-divider\" data-id=\"608210b5\" data-element_type=\"widget\" data-e-type=\"widget\" data-widget_type=\"divider.default\">\n\t\t\t\t\t\t\t<div class=\"elementor-divider\">\n\t\t\t<span class=\"elementor-divider-separator\">\n\t\t\t\t\t\t<\/span>\n\t\t<\/div>\n\t\t\t\t\t\t<\/div>\n\t\t\t\t<div class=\"elementor-element elementor-element-4a41f80f elementor-widget elementor-widget-text-editor\" data-id=\"4a41f80f\" data-element_type=\"widget\" data-e-type=\"widget\" data-widget_type=\"text-editor.default\">\n\t\t\t\t\t\t\t\t\t<p>Nous fournissons notre <strong>support \u00e0 l\u2019exp\u00e9dition<\/strong> pour les pi\u00e8ces d\u00e9tach\u00e9es et les machines.<\/p>\t\t\t\t\t\t\t\t<\/div>\n\t\t\t\t\t<\/div>\n\t\t\t\t<\/div>\n\t\t\t\t<\/div>\n\t\t<div class=\"elementor-element elementor-element-4f87ccf4 e-con-full e-flex e-con e-parent\" data-id=\"4f87ccf4\" data-element_type=\"container\" data-e-type=\"container\">\n\t\t<div class=\"elementor-element elementor-element-373fc8c e-con-full e-flex e-con e-child\" data-id=\"373fc8c\" data-element_type=\"container\" data-e-type=\"container\">\n\t\t\t\t<div class=\"elementor-element elementor-element-593f1ccb elementor-widget elementor-widget-gallery\" data-id=\"593f1ccb\" data-element_type=\"widget\" data-e-type=\"widget\" data-settings=\"{&quot;columns_mobile&quot;:2,&quot;aspect_ratio&quot;:&quot;1:1&quot;,&quot;lazyload&quot;:&quot;yes&quot;,&quot;gallery_layout&quot;:&quot;grid&quot;,&quot;columns&quot;:4,&quot;columns_tablet&quot;:2,&quot;gap&quot;:{&quot;unit&quot;:&quot;px&quot;,&quot;size&quot;:10,&quot;sizes&quot;:[]},&quot;gap_tablet&quot;:{&quot;unit&quot;:&quot;px&quot;,&quot;size&quot;:10,&quot;sizes&quot;:[]},&quot;gap_mobile&quot;:{&quot;unit&quot;:&quot;px&quot;,&quot;size&quot;:10,&quot;sizes&quot;:[]},&quot;link_to&quot;:&quot;file&quot;,&quot;overlay_background&quot;:&quot;yes&quot;,&quot;content_hover_animation&quot;:&quot;fade-in&quot;}\" data-widget_type=\"gallery.default\">\n\t\t\t\t\t\t\t<div class=\"elementor-gallery__container\">\n\t\t\t\t\t\t\t<a class=\"e-gallery-item elementor-gallery-item elementor-animated-content\" href=\"https:\/\/algeditech.com\/wp-content\/uploads\/2025\/05\/servizi_montaggio-e-spedizione01.webp\" data-elementor-open-lightbox=\"yes\" data-elementor-lightbox-slideshow=\"593f1ccb\" data-elementor-lightbox-title=\"servizi_montaggio-e-spedizione01\" data-e-action-hash=\"#elementor-action%3Aaction%3Dlightbox%26settings%3DeyJpZCI6OTIwLCJ1cmwiOiJodHRwczpcL1wvYWxnZWRpdGVjaC5jb21cL3dwLWNvbnRlbnRcL3VwbG9hZHNcLzIwMjVcLzA1XC9zZXJ2aXppX21vbnRhZ2dpby1lLXNwZWRpemlvbmUwMS53ZWJwIiwic2xpZGVzaG93IjoiNTkzZjFjY2IifQ%3D%3D\">\n\t\t\t\t\t<div class=\"e-gallery-image elementor-gallery-item__image\" data-thumbnail=\"https:\/\/algeditech.com\/wp-content\/uploads\/2025\/05\/servizi_montaggio-e-spedizione01-768x510.webp\" data-width=\"768\" data-height=\"510\" aria-label=\"\" role=\"img\" ><\/div>\n\t\t\t\t\t\t\t\t\t\t\t<div class=\"elementor-gallery-item__overlay\"><\/div>\n\t\t\t\t\t\t\t\t\t\t\t\t\t\t<\/a>\n\t\t\t\t\t\t\t<a class=\"e-gallery-item elementor-gallery-item elementor-animated-content\" href=\"https:\/\/algeditech.com\/wp-content\/uploads\/2025\/05\/servizi_montaggio-e-spedizione02.webp\" data-elementor-open-lightbox=\"yes\" data-elementor-lightbox-slideshow=\"593f1ccb\" data-elementor-lightbox-title=\"servizi_montaggio-e-spedizione02\" data-e-action-hash=\"#elementor-action%3Aaction%3Dlightbox%26settings%3DeyJpZCI6OTIyLCJ1cmwiOiJodHRwczpcL1wvYWxnZWRpdGVjaC5jb21cL3dwLWNvbnRlbnRcL3VwbG9hZHNcLzIwMjVcLzA1XC9zZXJ2aXppX21vbnRhZ2dpby1lLXNwZWRpemlvbmUwMi53ZWJwIiwic2xpZGVzaG93IjoiNTkzZjFjY2IifQ%3D%3D\">\n\t\t\t\t\t<div class=\"e-gallery-image elementor-gallery-item__image\" data-thumbnail=\"https:\/\/algeditech.com\/wp-content\/uploads\/2025\/05\/servizi_montaggio-e-spedizione02-768x510.webp\" data-width=\"768\" data-height=\"510\" aria-label=\"\" role=\"img\" ><\/div>\n\t\t\t\t\t\t\t\t\t\t\t<div class=\"elementor-gallery-item__overlay\"><\/div>\n\t\t\t\t\t\t\t\t\t\t\t\t\t\t<\/a>\n\t\t\t\t\t\t\t<a class=\"e-gallery-item elementor-gallery-item elementor-animated-content\" href=\"https:\/\/algeditech.com\/wp-content\/uploads\/2025\/05\/servizi_montaggio-e-spedizione03.webp\" data-elementor-open-lightbox=\"yes\" data-elementor-lightbox-slideshow=\"593f1ccb\" data-elementor-lightbox-title=\"servizi_montaggio-e-spedizione03\" data-e-action-hash=\"#elementor-action%3Aaction%3Dlightbox%26settings%3DeyJpZCI6OTI0LCJ1cmwiOiJodHRwczpcL1wvYWxnZWRpdGVjaC5jb21cL3dwLWNvbnRlbnRcL3VwbG9hZHNcLzIwMjVcLzA1XC9zZXJ2aXppX21vbnRhZ2dpby1lLXNwZWRpemlvbmUwMy53ZWJwIiwic2xpZGVzaG93IjoiNTkzZjFjY2IifQ%3D%3D\">\n\t\t\t\t\t<div class=\"e-gallery-image elementor-gallery-item__image\" data-thumbnail=\"https:\/\/algeditech.com\/wp-content\/uploads\/2025\/05\/servizi_montaggio-e-spedizione03-768x510.webp\" data-width=\"768\" data-height=\"510\" aria-label=\"\" role=\"img\" ><\/div>\n\t\t\t\t\t\t\t\t\t\t\t<div class=\"elementor-gallery-item__overlay\"><\/div>\n\t\t\t\t\t\t\t\t\t\t\t\t\t\t<\/a>\n\t\t\t\t\t\t\t<a class=\"e-gallery-item elementor-gallery-item elementor-animated-content\" href=\"https:\/\/algeditech.com\/wp-content\/uploads\/2025\/05\/servizi_montaggio-e-spedizione04.webp\" data-elementor-open-lightbox=\"yes\" data-elementor-lightbox-slideshow=\"593f1ccb\" data-elementor-lightbox-title=\"servizi_montaggio-e-spedizione04\" data-e-action-hash=\"#elementor-action%3Aaction%3Dlightbox%26settings%3DeyJpZCI6OTI2LCJ1cmwiOiJodHRwczpcL1wvYWxnZWRpdGVjaC5jb21cL3dwLWNvbnRlbnRcL3VwbG9hZHNcLzIwMjVcLzA1XC9zZXJ2aXppX21vbnRhZ2dpby1lLXNwZWRpemlvbmUwNC53ZWJwIiwic2xpZGVzaG93IjoiNTkzZjFjY2IifQ%3D%3D\">\n\t\t\t\t\t<div class=\"e-gallery-image elementor-gallery-item__image\" data-thumbnail=\"https:\/\/algeditech.com\/wp-content\/uploads\/2025\/05\/servizi_montaggio-e-spedizione04-768x510.webp\" data-width=\"768\" data-height=\"510\" aria-label=\"\" role=\"img\" ><\/div>\n\t\t\t\t\t\t\t\t\t\t\t<div class=\"elementor-gallery-item__overlay\"><\/div>\n\t\t\t\t\t\t\t\t\t\t\t\t\t\t<\/a>\n\t\t\t\t\t<\/div>\n\t\t\t\t\t<\/div>\n\t\t\t\t<\/div>\n\t\t\t\t<\/div>\n\t\t<div class=\"elementor-element elementor-element-156ab8f8 e-con-full e-flex e-con e-child\" data-id=\"156ab8f8\" data-element_type=\"container\" data-e-type=\"container\" data-settings=\"{&quot;background_background&quot;:&quot;classic&quot;}\">\n\t\t\t\t<div class=\"elementor-element elementor-element-72b62453 elementor-invisible elementor-widget elementor-widget-button\" data-id=\"72b62453\" data-element_type=\"widget\" data-e-type=\"widget\" data-settings=\"{&quot;_animation&quot;:&quot;fadeInLeft&quot;}\" data-widget_type=\"button.default\">\n\t\t\t\t\t\t\t\t\t\t<a class=\"elementor-button elementor-button-link elementor-size-md elementor-animation-pulse-shrink\" href=\"https:\/\/algeditech.com\/fr\/service\/\">\n\t\t\t\t\t\t<span class=\"elementor-button-content-wrapper\">\n\t\t\t\t\t\t<span class=\"elementor-button-icon\">\n\t\t\t\t<svg aria-hidden=\"true\" class=\"e-font-icon-svg e-fas-angle-double-left\" viewBox=\"0 0 448 512\" xmlns=\"http:\/\/www.w3.org\/2000\/svg\"><path d=\"M223.7 239l136-136c9.4-9.4 24.6-9.4 33.9 0l22.6 22.6c9.4 9.4 9.4 24.6 0 33.9L319.9 256l96.4 96.4c9.4 9.4 9.4 24.6 0 33.9L393.7 409c-9.4 9.4-24.6 9.4-33.9 0l-136-136c-9.5-9.4-9.5-24.6-.1-34zm-192 34l136 136c9.4 9.4 24.6 9.4 33.9 0l22.6-22.6c9.4-9.4 9.4-24.6 0-33.9L127.9 256l96.4-96.4c9.4-9.4 9.4-24.6 0-33.9L201.7 103c-9.4-9.4-24.6-9.4-33.9 0l-136 136c-9.5 9.4-9.5 24.6-.1 34z\"><\/path><\/svg>\t\t\t<\/span>\n\t\t\t\t\t\t\t\t\t<span class=\"elementor-button-text\">retour aux services<\/span>\n\t\t\t\t\t<\/span>\n\t\t\t\t\t<\/a>\n\t\t\t\t\t\t\t\t<\/div>\n\t\t\t\t<\/div>\n\t\t\t\t<\/div>\n\t\t","protected":false},"excerpt":{"rendered":"<p>MONTAGE ET EXP\u00c9DITION MONTAGE Nous vous assistons dans les phases de montage et pr\u00e9montage des mat\u00e9riels \u00e0 travers des prestataires sp\u00e9cialis\u00e9s. EXP\u00c9DITION Nous fournissons notre support \u00e0 l\u2019exp\u00e9dition pour les pi\u00e8ces d\u00e9tach\u00e9es et les machines. retour aux services<\/p>\n","protected":false},"author":1,"featured_media":0,"parent":0,"menu_order":0,"comment_status":"closed","ping_status":"closed","template":"","meta":{"footnotes":""},"class_list":["post-1182","page","type-page","status-publish","hentry"],"_links":{"self":[{"href":"https:\/\/algeditech.com\/fr\/wp-json\/wp\/v2\/pages\/1182","targetHints":{"allow":["GET"]}}],"collection":[{"href":"https:\/\/algeditech.com\/fr\/wp-json\/wp\/v2\/pages"}],"about":[{"href":"https:\/\/algeditech.com\/fr\/wp-json\/wp\/v2\/types\/page"}],"author":[{"embeddable":true,"href":"https:\/\/algeditech.com\/fr\/wp-json\/wp\/v2\/users\/1"}],"replies":[{"embeddable":true,"href":"https:\/\/algeditech.com\/fr\/wp-json\/wp\/v2\/comments?post=1182"}],"version-history":[{"count":3,"href":"https:\/\/algeditech.com\/fr\/wp-json\/wp\/v2\/pages\/1182\/revisions"}],"predecessor-version":[{"id":1190,"href":"https:\/\/algeditech.com\/fr\/wp-json\/wp\/v2\/pages\/1182\/revisions\/1190"}],"wp:attachment":[{"href":"https:\/\/algeditech.com\/fr\/wp-json\/wp\/v2\/media?parent=1182"}],"curies":[{"name":"wp","href":"https:\/\/api.w.org\/{rel}","templated":true}]}}