{"id":1166,"date":"2025-04-15T11:33:52","date_gmt":"2025-04-15T09:33:52","guid":{"rendered":"https:\/\/algeditech.com\/pieces-detachees-et-assistance\/"},"modified":"2025-06-05T09:59:41","modified_gmt":"2025-06-05T07:59:41","slug":"pieces-detachees-et-assistance","status":"publish","type":"page","link":"https:\/\/algeditech.com\/fr\/pieces-detachees-et-assistance\/","title":{"rendered":"Pi\u00e8ces d\u00e9tach\u00e9es et Assistance"},"content":{"rendered":"\t\t<div data-elementor-type=\"wp-page\" data-elementor-id=\"1166\" class=\"elementor elementor-1166 elementor-461\" data-elementor-post-type=\"page\">\n\t\t\t\t<div class=\"elementor-element elementor-element-39b1f2ee e-con-full e-flex e-con e-parent\" data-id=\"39b1f2ee\" data-element_type=\"container\" data-e-type=\"container\" data-settings=\"{&quot;background_background&quot;:&quot;classic&quot;}\">\n\t\t<div class=\"elementor-element elementor-element-746f96eb e-con-full e-flex e-con e-child\" data-id=\"746f96eb\" data-element_type=\"container\" data-e-type=\"container\">\n\t\t\t\t<div class=\"elementor-element elementor-element-29a31d51 elementor-widget elementor-widget-heading\" data-id=\"29a31d51\" data-element_type=\"widget\" data-e-type=\"widget\" data-widget_type=\"heading.default\">\n\t\t\t\t\t<h1 class=\"elementor-heading-title elementor-size-default\">PI\u00c8CES D\u00c9TACH\u00c9ES ET ASSISTANCE<\/h1>\t\t\t\t<\/div>\n\t\t\t\t<\/div>\n\t\t\t\t<\/div>\n\t\t<div class=\"elementor-element elementor-element-1d0e86b4 e-con-full e-flex e-con e-parent\" data-id=\"1d0e86b4\" data-element_type=\"container\" data-e-type=\"container\" data-settings=\"{&quot;background_background&quot;:&quot;classic&quot;}\">\n\t\t<div class=\"elementor-element elementor-element-30213d02 e-flex e-con-boxed e-con e-child\" data-id=\"30213d02\" data-element_type=\"container\" data-e-type=\"container\" data-settings=\"{&quot;background_background&quot;:&quot;classic&quot;}\">\n\t\t\t\t\t<div class=\"e-con-inner\">\n\t\t\t\t<div class=\"elementor-element elementor-element-40bbc44 elementor-widget elementor-widget-heading\" data-id=\"40bbc44\" data-element_type=\"widget\" data-e-type=\"widget\" data-widget_type=\"heading.default\">\n\t\t\t\t\t<h2 class=\"elementor-heading-title elementor-size-default\">FOURNITURE MAT\u00c9RIEL \u2013 PI\u00c8CES D\u00c9TACH\u00c9ES ET \u00c9VOLUTIONS<\/h2>\t\t\t\t<\/div>\n\t\t\t\t<div class=\"elementor-element elementor-element-7a6b7125 elementor-widget-divider--view-line elementor-widget elementor-widget-divider\" data-id=\"7a6b7125\" data-element_type=\"widget\" data-e-type=\"widget\" data-widget_type=\"divider.default\">\n\t\t\t\t\t\t\t<div class=\"elementor-divider\">\n\t\t\t<span class=\"elementor-divider-separator\">\n\t\t\t\t\t\t<\/span>\n\t\t<\/div>\n\t\t\t\t\t\t<\/div>\n\t\t\t\t<div class=\"elementor-element elementor-element-6fe097ca elementor-widget elementor-widget-text-editor\" data-id=\"6fe097ca\" data-element_type=\"widget\" data-e-type=\"widget\" data-widget_type=\"text-editor.default\">\n\t\t\t\t\t\t\t\t\t<p>Algedi Tech garantit un service optimum pour pi\u00e8ces d\u00e9tach\u00e9es m\u00e9caniques et \u00e9lectriques pour les diverses machines outils de notre secteur dont les machines <strong>Fametec GM<\/strong>, nous proposons des <strong>r\u00e9trofit personnalis\u00e9s<\/strong> m\u00e9caniques, \u00e9lectriques, soft et <strong>activit\u00e9 de remise \u00e0 niveau<\/strong> sur diverses typologies de contr\u00f4les num\u00e9riques.<\/p>\t\t\t\t\t\t\t\t<\/div>\n\t\t\t\t<div class=\"elementor-element elementor-element-e02164d elementor-widget elementor-widget-spacer\" data-id=\"e02164d\" data-element_type=\"widget\" data-e-type=\"widget\" data-widget_type=\"spacer.default\">\n\t\t\t\t\t\t\t<div class=\"elementor-spacer\">\n\t\t\t<div class=\"elementor-spacer-inner\"><\/div>\n\t\t<\/div>\n\t\t\t\t\t\t<\/div>\n\t\t\t\t<div class=\"elementor-element elementor-element-00f2724 elementor-widget elementor-widget-heading\" data-id=\"00f2724\" data-element_type=\"widget\" data-e-type=\"widget\" data-widget_type=\"heading.default\">\n\t\t\t\t\t<h2 class=\"elementor-heading-title elementor-size-default\">ASSISTANCE AVANT ET APR\u00c8S VENTE<\/h2>\t\t\t\t<\/div>\n\t\t\t\t<div class=\"elementor-element elementor-element-19dbe85 elementor-widget-divider--view-line elementor-widget elementor-widget-divider\" data-id=\"19dbe85\" data-element_type=\"widget\" data-e-type=\"widget\" data-widget_type=\"divider.default\">\n\t\t\t\t\t\t\t<div class=\"elementor-divider\">\n\t\t\t<span class=\"elementor-divider-separator\">\n\t\t\t\t\t\t<\/span>\n\t\t<\/div>\n\t\t\t\t\t\t<\/div>\n\t\t\t\t<div class=\"elementor-element elementor-element-5d4b728 elementor-widget elementor-widget-text-editor\" data-id=\"5d4b728\" data-element_type=\"widget\" data-e-type=\"widget\" data-widget_type=\"text-editor.default\">\n\t\t\t\t\t\t\t\t\t<p>Techniciens sp\u00e9cialis\u00e9s peuvent offrir un service d\u2019<strong>assistance m\u00e9canique<\/strong>, <strong>\u00e9lectrique<\/strong>, et <strong>software<\/strong> mais aussi une assistance d\u00e9di\u00e9e par <strong>t\u00e9l\u00e9service<\/strong>.<\/p>\t\t\t\t\t\t\t\t<\/div>\n\t\t\t\t\t<\/div>\n\t\t\t\t<\/div>\n\t\t\t\t<\/div>\n\t\t<div class=\"elementor-element elementor-element-7566fffe e-con-full e-flex e-con e-parent\" data-id=\"7566fffe\" data-element_type=\"container\" data-e-type=\"container\">\n\t\t<div class=\"elementor-element elementor-element-13d3281d e-con-full e-flex e-con e-child\" data-id=\"13d3281d\" data-element_type=\"container\" data-e-type=\"container\">\n\t\t\t\t<div class=\"elementor-element elementor-element-463d6b9b elementor-widget elementor-widget-gallery\" data-id=\"463d6b9b\" data-element_type=\"widget\" data-e-type=\"widget\" data-settings=\"{&quot;columns_mobile&quot;:2,&quot;aspect_ratio&quot;:&quot;1:1&quot;,&quot;lazyload&quot;:&quot;yes&quot;,&quot;gallery_layout&quot;:&quot;grid&quot;,&quot;columns&quot;:4,&quot;columns_tablet&quot;:2,&quot;gap&quot;:{&quot;unit&quot;:&quot;px&quot;,&quot;size&quot;:10,&quot;sizes&quot;:[]},&quot;gap_tablet&quot;:{&quot;unit&quot;:&quot;px&quot;,&quot;size&quot;:10,&quot;sizes&quot;:[]},&quot;gap_mobile&quot;:{&quot;unit&quot;:&quot;px&quot;,&quot;size&quot;:10,&quot;sizes&quot;:[]},&quot;link_to&quot;:&quot;file&quot;,&quot;overlay_background&quot;:&quot;yes&quot;,&quot;content_hover_animation&quot;:&quot;fade-in&quot;}\" data-widget_type=\"gallery.default\">\n\t\t\t\t\t\t\t<div class=\"elementor-gallery__container\">\n\t\t\t\t\t\t\t<a class=\"e-gallery-item elementor-gallery-item elementor-animated-content\" href=\"https:\/\/algeditech.com\/wp-content\/uploads\/2025\/05\/servizi_ricambi-e-assistenza01.webp\" data-elementor-open-lightbox=\"yes\" data-elementor-lightbox-slideshow=\"463d6b9b\" data-elementor-lightbox-title=\"servizi_ricambi-e-assistenza01\" data-e-action-hash=\"#elementor-action%3Aaction%3Dlightbox%26settings%3DeyJpZCI6OTA1LCJ1cmwiOiJodHRwczpcL1wvYWxnZWRpdGVjaC5jb21cL3dwLWNvbnRlbnRcL3VwbG9hZHNcLzIwMjVcLzA1XC9zZXJ2aXppX3JpY2FtYmktZS1hc3Npc3RlbnphMDEud2VicCIsInNsaWRlc2hvdyI6IjQ2M2Q2YjliIn0%3D\">\n\t\t\t\t\t<div class=\"e-gallery-image elementor-gallery-item__image\" data-thumbnail=\"https:\/\/algeditech.com\/wp-content\/uploads\/2025\/05\/servizi_ricambi-e-assistenza01-768x510.webp\" data-width=\"768\" data-height=\"510\" aria-label=\"\" role=\"img\" ><\/div>\n\t\t\t\t\t\t\t\t\t\t\t<div class=\"elementor-gallery-item__overlay\"><\/div>\n\t\t\t\t\t\t\t\t\t\t\t\t\t\t<\/a>\n\t\t\t\t\t\t\t<a class=\"e-gallery-item elementor-gallery-item elementor-animated-content\" href=\"https:\/\/algeditech.com\/wp-content\/uploads\/2025\/05\/servizi_ricambi-e-assistenza02.webp\" data-elementor-open-lightbox=\"yes\" data-elementor-lightbox-slideshow=\"463d6b9b\" data-elementor-lightbox-title=\"servizi_ricambi-e-assistenza02\" data-e-action-hash=\"#elementor-action%3Aaction%3Dlightbox%26settings%3DeyJpZCI6OTA3LCJ1cmwiOiJodHRwczpcL1wvYWxnZWRpdGVjaC5jb21cL3dwLWNvbnRlbnRcL3VwbG9hZHNcLzIwMjVcLzA1XC9zZXJ2aXppX3JpY2FtYmktZS1hc3Npc3RlbnphMDIud2VicCIsInNsaWRlc2hvdyI6IjQ2M2Q2YjliIn0%3D\">\n\t\t\t\t\t<div class=\"e-gallery-image elementor-gallery-item__image\" data-thumbnail=\"https:\/\/algeditech.com\/wp-content\/uploads\/2025\/05\/servizi_ricambi-e-assistenza02-768x510.webp\" data-width=\"768\" data-height=\"510\" aria-label=\"\" role=\"img\" ><\/div>\n\t\t\t\t\t\t\t\t\t\t\t<div class=\"elementor-gallery-item__overlay\"><\/div>\n\t\t\t\t\t\t\t\t\t\t\t\t\t\t<\/a>\n\t\t\t\t\t\t\t<a class=\"e-gallery-item elementor-gallery-item elementor-animated-content\" href=\"https:\/\/algeditech.com\/wp-content\/uploads\/2025\/05\/servizi_ricambi-e-assistenza03.webp\" data-elementor-open-lightbox=\"yes\" data-elementor-lightbox-slideshow=\"463d6b9b\" data-elementor-lightbox-title=\"servizi_ricambi-e-assistenza03\" data-e-action-hash=\"#elementor-action%3Aaction%3Dlightbox%26settings%3DeyJpZCI6OTA5LCJ1cmwiOiJodHRwczpcL1wvYWxnZWRpdGVjaC5jb21cL3dwLWNvbnRlbnRcL3VwbG9hZHNcLzIwMjVcLzA1XC9zZXJ2aXppX3JpY2FtYmktZS1hc3Npc3RlbnphMDMud2VicCIsInNsaWRlc2hvdyI6IjQ2M2Q2YjliIn0%3D\">\n\t\t\t\t\t<div class=\"e-gallery-image elementor-gallery-item__image\" data-thumbnail=\"https:\/\/algeditech.com\/wp-content\/uploads\/2025\/05\/servizi_ricambi-e-assistenza03-768x510.webp\" data-width=\"768\" data-height=\"510\" aria-label=\"\" role=\"img\" ><\/div>\n\t\t\t\t\t\t\t\t\t\t\t<div class=\"elementor-gallery-item__overlay\"><\/div>\n\t\t\t\t\t\t\t\t\t\t\t\t\t\t<\/a>\n\t\t\t\t\t\t\t<a class=\"e-gallery-item elementor-gallery-item elementor-animated-content\" href=\"https:\/\/algeditech.com\/wp-content\/uploads\/2025\/05\/servizi_ricambi-e-assistenza04.webp\" data-elementor-open-lightbox=\"yes\" data-elementor-lightbox-slideshow=\"463d6b9b\" data-elementor-lightbox-title=\"servizi_ricambi-e-assistenza04\" data-e-action-hash=\"#elementor-action%3Aaction%3Dlightbox%26settings%3DeyJpZCI6OTExLCJ1cmwiOiJodHRwczpcL1wvYWxnZWRpdGVjaC5jb21cL3dwLWNvbnRlbnRcL3VwbG9hZHNcLzIwMjVcLzA1XC9zZXJ2aXppX3JpY2FtYmktZS1hc3Npc3RlbnphMDQud2VicCIsInNsaWRlc2hvdyI6IjQ2M2Q2YjliIn0%3D\">\n\t\t\t\t\t<div class=\"e-gallery-image elementor-gallery-item__image\" data-thumbnail=\"https:\/\/algeditech.com\/wp-content\/uploads\/2025\/05\/servizi_ricambi-e-assistenza04-768x510.webp\" data-width=\"768\" data-height=\"510\" aria-label=\"\" role=\"img\" ><\/div>\n\t\t\t\t\t\t\t\t\t\t\t<div class=\"elementor-gallery-item__overlay\"><\/div>\n\t\t\t\t\t\t\t\t\t\t\t\t\t\t<\/a>\n\t\t\t\t\t<\/div>\n\t\t\t\t\t<\/div>\n\t\t\t\t<\/div>\n\t\t\t\t<\/div>\n\t\t<div class=\"elementor-element elementor-element-17dd2fff e-con-full e-flex e-con e-child\" data-id=\"17dd2fff\" data-element_type=\"container\" data-e-type=\"container\" data-settings=\"{&quot;background_background&quot;:&quot;classic&quot;}\">\n\t\t\t\t<div class=\"elementor-element elementor-element-310e2eae elementor-invisible elementor-widget elementor-widget-button\" data-id=\"310e2eae\" data-element_type=\"widget\" data-e-type=\"widget\" data-settings=\"{&quot;_animation&quot;:&quot;fadeInLeft&quot;}\" data-widget_type=\"button.default\">\n\t\t\t\t\t\t\t\t\t\t<a class=\"elementor-button elementor-button-link elementor-size-md elementor-animation-pulse-shrink\" href=\"https:\/\/algeditech.com\/fr\/service\/\">\n\t\t\t\t\t\t<span class=\"elementor-button-content-wrapper\">\n\t\t\t\t\t\t<span class=\"elementor-button-icon\">\n\t\t\t\t<svg aria-hidden=\"true\" class=\"e-font-icon-svg e-fas-angle-double-left\" viewBox=\"0 0 448 512\" xmlns=\"http:\/\/www.w3.org\/2000\/svg\"><path d=\"M223.7 239l136-136c9.4-9.4 24.6-9.4 33.9 0l22.6 22.6c9.4 9.4 9.4 24.6 0 33.9L319.9 256l96.4 96.4c9.4 9.4 9.4 24.6 0 33.9L393.7 409c-9.4 9.4-24.6 9.4-33.9 0l-136-136c-9.5-9.4-9.5-24.6-.1-34zm-192 34l136 136c9.4 9.4 24.6 9.4 33.9 0l22.6-22.6c9.4-9.4 9.4-24.6 0-33.9L127.9 256l96.4-96.4c9.4-9.4 9.4-24.6 0-33.9L201.7 103c-9.4-9.4-24.6-9.4-33.9 0l-136 136c-9.5 9.4-9.5 24.6-.1 34z\"><\/path><\/svg>\t\t\t<\/span>\n\t\t\t\t\t\t\t\t\t<span class=\"elementor-button-text\">retour aux services<\/span>\n\t\t\t\t\t<\/span>\n\t\t\t\t\t<\/a>\n\t\t\t\t\t\t\t\t<\/div>\n\t\t\t\t<\/div>\n\t\t\t\t<\/div>\n\t\t","protected":false},"excerpt":{"rendered":"<p>PI\u00c8CES D\u00c9TACH\u00c9ES ET ASSISTANCE FOURNITURE MAT\u00c9RIEL \u2013 PI\u00c8CES D\u00c9TACH\u00c9ES ET \u00c9VOLUTIONS Algedi Tech garantit un service optimum pour pi\u00e8ces d\u00e9tach\u00e9es m\u00e9caniques et \u00e9lectriques pour les diverses machines outils de notre secteur dont les machines Fametec GM, nous proposons des r\u00e9trofit personnalis\u00e9s m\u00e9caniques, \u00e9lectriques, soft et activit\u00e9 de remise \u00e0 niveau sur diverses typologies de contr\u00f4les [&hellip;]<\/p>\n","protected":false},"author":1,"featured_media":0,"parent":0,"menu_order":0,"comment_status":"closed","ping_status":"closed","template":"","meta":{"footnotes":""},"class_list":["post-1166","page","type-page","status-publish","hentry"],"_links":{"self":[{"href":"https:\/\/algeditech.com\/fr\/wp-json\/wp\/v2\/pages\/1166","targetHints":{"allow":["GET"]}}],"collection":[{"href":"https:\/\/algeditech.com\/fr\/wp-json\/wp\/v2\/pages"}],"about":[{"href":"https:\/\/algeditech.com\/fr\/wp-json\/wp\/v2\/types\/page"}],"author":[{"embeddable":true,"href":"https:\/\/algeditech.com\/fr\/wp-json\/wp\/v2\/users\/1"}],"replies":[{"embeddable":true,"href":"https:\/\/algeditech.com\/fr\/wp-json\/wp\/v2\/comments?post=1166"}],"version-history":[{"count":3,"href":"https:\/\/algeditech.com\/fr\/wp-json\/wp\/v2\/pages\/1166\/revisions"}],"predecessor-version":[{"id":1174,"href":"https:\/\/algeditech.com\/fr\/wp-json\/wp\/v2\/pages\/1166\/revisions\/1174"}],"wp:attachment":[{"href":"https:\/\/algeditech.com\/fr\/wp-json\/wp\/v2\/media?parent=1166"}],"curies":[{"name":"wp","href":"https:\/\/api.w.org\/{rel}","templated":true}]}}