{"id":1157,"date":"2025-04-15T11:31:44","date_gmt":"2025-04-15T09:31:44","guid":{"rendered":"https:\/\/algeditech.com\/etude-et-developpement\/"},"modified":"2025-06-05T09:54:05","modified_gmt":"2025-06-05T07:54:05","slug":"etude-et-developpement","status":"publish","type":"page","link":"https:\/\/algeditech.com\/fr\/etude-et-developpement\/","title":{"rendered":"Etude et D\u00e9veloppement"},"content":{"rendered":"\t\t<div data-elementor-type=\"wp-page\" data-elementor-id=\"1157\" class=\"elementor elementor-1157 elementor-455\" data-elementor-post-type=\"page\">\n\t\t\t\t<div class=\"elementor-element elementor-element-7bd4e6ff e-con-full e-flex e-con e-parent\" data-id=\"7bd4e6ff\" data-element_type=\"container\" data-e-type=\"container\" data-settings=\"{&quot;background_background&quot;:&quot;classic&quot;}\">\n\t\t<div class=\"elementor-element elementor-element-76091b5d e-con-full e-flex e-con e-child\" data-id=\"76091b5d\" data-element_type=\"container\" data-e-type=\"container\">\n\t\t\t\t<div class=\"elementor-element elementor-element-26433b33 elementor-widget elementor-widget-heading\" data-id=\"26433b33\" data-element_type=\"widget\" data-e-type=\"widget\" data-widget_type=\"heading.default\">\n\t\t\t\t\t<h1 class=\"elementor-heading-title elementor-size-default\">ETUDE ET D\u00c9VELOPPEMENT<\/h1>\t\t\t\t<\/div>\n\t\t\t\t<\/div>\n\t\t\t\t<\/div>\n\t\t<div class=\"elementor-element elementor-element-66926f98 e-con-full e-flex e-con e-parent\" data-id=\"66926f98\" data-element_type=\"container\" data-e-type=\"container\" data-settings=\"{&quot;background_background&quot;:&quot;classic&quot;}\">\n\t\t<div class=\"elementor-element elementor-element-1be167cc e-flex e-con-boxed e-con e-child\" data-id=\"1be167cc\" data-element_type=\"container\" data-e-type=\"container\" data-settings=\"{&quot;background_background&quot;:&quot;classic&quot;}\">\n\t\t\t\t\t<div class=\"e-con-inner\">\n\t\t\t\t<div class=\"elementor-element elementor-element-84753d0 elementor-widget elementor-widget-heading\" data-id=\"84753d0\" data-element_type=\"widget\" data-e-type=\"widget\" data-widget_type=\"heading.default\">\n\t\t\t\t\t<h2 class=\"elementor-heading-title elementor-size-default\">ETUDE ET D\u00c9VELOPPEMENT DES SOFTWARE<\/h2>\t\t\t\t<\/div>\n\t\t\t\t<div class=\"elementor-element elementor-element-5f96916b elementor-widget-divider--view-line elementor-widget elementor-widget-divider\" data-id=\"5f96916b\" data-element_type=\"widget\" data-e-type=\"widget\" data-widget_type=\"divider.default\">\n\t\t\t\t\t\t\t<div class=\"elementor-divider\">\n\t\t\t<span class=\"elementor-divider-separator\">\n\t\t\t\t\t\t<\/span>\n\t\t<\/div>\n\t\t\t\t\t\t<\/div>\n\t\t\t\t<div class=\"elementor-element elementor-element-3463d72a elementor-widget elementor-widget-text-editor\" data-id=\"3463d72a\" data-element_type=\"widget\" data-e-type=\"widget\" data-widget_type=\"text-editor.default\">\n\t\t\t\t\t\t\t\t\t<p>Notre professionnalisme nous permet d\u2019\u00eatre un partenaire fiable pour le <strong>d\u00e9veloppement des \u00e9tudes m\u00e9caniques 3D<\/strong>, pour l\u2019\u00e9tude des soft <strong>Omron<\/strong>, <strong>Bechoff<\/strong>, <strong>Siemens<\/strong> et <strong>CNI<\/strong> pour les <strong>\u00e9tudes \u00e9lectrique<\/strong>s et le <strong>d\u00e9veloppement des pr\u00e9projets d\u2019implantations<\/strong>.<\/p>\t\t\t\t\t\t\t\t<\/div>\n\t\t\t\t\t<\/div>\n\t\t\t\t<\/div>\n\t\t\t\t<\/div>\n\t\t<div class=\"elementor-element elementor-element-755a5dc3 e-con-full e-flex e-con e-parent\" data-id=\"755a5dc3\" data-element_type=\"container\" data-e-type=\"container\">\n\t\t<div class=\"elementor-element elementor-element-781f0b24 e-con-full e-flex e-con e-child\" data-id=\"781f0b24\" data-element_type=\"container\" data-e-type=\"container\">\n\t\t\t\t<div class=\"elementor-element elementor-element-4b1fa360 elementor-widget elementor-widget-gallery\" data-id=\"4b1fa360\" data-element_type=\"widget\" data-e-type=\"widget\" data-settings=\"{&quot;columns_mobile&quot;:2,&quot;aspect_ratio&quot;:&quot;1:1&quot;,&quot;lazyload&quot;:&quot;yes&quot;,&quot;gallery_layout&quot;:&quot;grid&quot;,&quot;columns&quot;:4,&quot;columns_tablet&quot;:2,&quot;gap&quot;:{&quot;unit&quot;:&quot;px&quot;,&quot;size&quot;:10,&quot;sizes&quot;:[]},&quot;gap_tablet&quot;:{&quot;unit&quot;:&quot;px&quot;,&quot;size&quot;:10,&quot;sizes&quot;:[]},&quot;gap_mobile&quot;:{&quot;unit&quot;:&quot;px&quot;,&quot;size&quot;:10,&quot;sizes&quot;:[]},&quot;link_to&quot;:&quot;file&quot;,&quot;overlay_background&quot;:&quot;yes&quot;,&quot;content_hover_animation&quot;:&quot;fade-in&quot;}\" data-widget_type=\"gallery.default\">\n\t\t\t\t\t\t\t<div class=\"elementor-gallery__container\">\n\t\t\t\t\t\t\t<a class=\"e-gallery-item elementor-gallery-item elementor-animated-content\" href=\"https:\/\/algeditech.com\/wp-content\/uploads\/2025\/05\/servizi_progettazione-e-sviluppo01.webp\" data-elementor-open-lightbox=\"yes\" data-elementor-lightbox-slideshow=\"4b1fa360\" data-elementor-lightbox-title=\"servizi_progettazione-e-sviluppo01\" data-e-action-hash=\"#elementor-action%3Aaction%3Dlightbox%26settings%3DeyJpZCI6ODYwLCJ1cmwiOiJodHRwczpcL1wvYWxnZWRpdGVjaC5jb21cL3dwLWNvbnRlbnRcL3VwbG9hZHNcLzIwMjVcLzA1XC9zZXJ2aXppX3Byb2dldHRhemlvbmUtZS1zdmlsdXBwbzAxLndlYnAiLCJzbGlkZXNob3ciOiI0YjFmYTM2MCJ9\">\n\t\t\t\t\t<div class=\"e-gallery-image elementor-gallery-item__image\" data-thumbnail=\"https:\/\/algeditech.com\/wp-content\/uploads\/2025\/05\/servizi_progettazione-e-sviluppo01-768x512.webp\" data-width=\"768\" data-height=\"512\" aria-label=\"\" role=\"img\" ><\/div>\n\t\t\t\t\t\t\t\t\t\t\t<div class=\"elementor-gallery-item__overlay\"><\/div>\n\t\t\t\t\t\t\t\t\t\t\t\t\t\t<\/a>\n\t\t\t\t\t\t\t<a class=\"e-gallery-item elementor-gallery-item elementor-animated-content\" href=\"https:\/\/algeditech.com\/wp-content\/uploads\/2025\/05\/servizi_progettazione-e-sviluppo02.webp\" data-elementor-open-lightbox=\"yes\" data-elementor-lightbox-slideshow=\"4b1fa360\" data-elementor-lightbox-title=\"servizi_progettazione-e-sviluppo02\" data-e-action-hash=\"#elementor-action%3Aaction%3Dlightbox%26settings%3DeyJpZCI6ODYyLCJ1cmwiOiJodHRwczpcL1wvYWxnZWRpdGVjaC5jb21cL3dwLWNvbnRlbnRcL3VwbG9hZHNcLzIwMjVcLzA1XC9zZXJ2aXppX3Byb2dldHRhemlvbmUtZS1zdmlsdXBwbzAyLndlYnAiLCJzbGlkZXNob3ciOiI0YjFmYTM2MCJ9\">\n\t\t\t\t\t<div class=\"e-gallery-image elementor-gallery-item__image\" data-thumbnail=\"https:\/\/algeditech.com\/wp-content\/uploads\/2025\/05\/servizi_progettazione-e-sviluppo02-768x461.webp\" data-width=\"768\" data-height=\"461\" aria-label=\"\" role=\"img\" ><\/div>\n\t\t\t\t\t\t\t\t\t\t\t<div class=\"elementor-gallery-item__overlay\"><\/div>\n\t\t\t\t\t\t\t\t\t\t\t\t\t\t<\/a>\n\t\t\t\t\t\t\t<a class=\"e-gallery-item elementor-gallery-item elementor-animated-content\" href=\"https:\/\/algeditech.com\/wp-content\/uploads\/2025\/05\/servizi_progettazione-e-sviluppo03.webp\" data-elementor-open-lightbox=\"yes\" data-elementor-lightbox-slideshow=\"4b1fa360\" data-elementor-lightbox-title=\"servizi_progettazione-e-sviluppo03\" data-e-action-hash=\"#elementor-action%3Aaction%3Dlightbox%26settings%3DeyJpZCI6ODY0LCJ1cmwiOiJodHRwczpcL1wvYWxnZWRpdGVjaC5jb21cL3dwLWNvbnRlbnRcL3VwbG9hZHNcLzIwMjVcLzA1XC9zZXJ2aXppX3Byb2dldHRhemlvbmUtZS1zdmlsdXBwbzAzLndlYnAiLCJzbGlkZXNob3ciOiI0YjFmYTM2MCJ9\">\n\t\t\t\t\t<div class=\"e-gallery-image elementor-gallery-item__image\" data-thumbnail=\"https:\/\/algeditech.com\/wp-content\/uploads\/2025\/05\/servizi_progettazione-e-sviluppo03-768x510.webp\" data-width=\"768\" data-height=\"510\" aria-label=\"\" role=\"img\" ><\/div>\n\t\t\t\t\t\t\t\t\t\t\t<div class=\"elementor-gallery-item__overlay\"><\/div>\n\t\t\t\t\t\t\t\t\t\t\t\t\t\t<\/a>\n\t\t\t\t\t\t\t<a class=\"e-gallery-item elementor-gallery-item elementor-animated-content\" href=\"https:\/\/algeditech.com\/wp-content\/uploads\/2025\/05\/servizi_progettazione-e-sviluppo04.webp\" data-elementor-open-lightbox=\"yes\" data-elementor-lightbox-slideshow=\"4b1fa360\" data-elementor-lightbox-title=\"servizi_progettazione-e-sviluppo04\" data-e-action-hash=\"#elementor-action%3Aaction%3Dlightbox%26settings%3DeyJpZCI6ODY2LCJ1cmwiOiJodHRwczpcL1wvYWxnZWRpdGVjaC5jb21cL3dwLWNvbnRlbnRcL3VwbG9hZHNcLzIwMjVcLzA1XC9zZXJ2aXppX3Byb2dldHRhemlvbmUtZS1zdmlsdXBwbzA0LndlYnAiLCJzbGlkZXNob3ciOiI0YjFmYTM2MCJ9\">\n\t\t\t\t\t<div class=\"e-gallery-image elementor-gallery-item__image\" data-thumbnail=\"https:\/\/algeditech.com\/wp-content\/uploads\/2025\/05\/servizi_progettazione-e-sviluppo04-768x510.webp\" data-width=\"768\" data-height=\"510\" aria-label=\"\" role=\"img\" ><\/div>\n\t\t\t\t\t\t\t\t\t\t\t<div class=\"elementor-gallery-item__overlay\"><\/div>\n\t\t\t\t\t\t\t\t\t\t\t\t\t\t<\/a>\n\t\t\t\t\t<\/div>\n\t\t\t\t\t<\/div>\n\t\t\t\t<\/div>\n\t\t\t\t<\/div>\n\t\t<div class=\"elementor-element elementor-element-3ac25d4c e-con-full e-flex e-con e-child\" data-id=\"3ac25d4c\" data-element_type=\"container\" data-e-type=\"container\" data-settings=\"{&quot;background_background&quot;:&quot;classic&quot;}\">\n\t\t\t\t<div class=\"elementor-element elementor-element-356522e5 elementor-invisible elementor-widget elementor-widget-button\" data-id=\"356522e5\" data-element_type=\"widget\" data-e-type=\"widget\" data-settings=\"{&quot;_animation&quot;:&quot;fadeInLeft&quot;}\" data-widget_type=\"button.default\">\n\t\t\t\t\t\t\t\t\t\t<a class=\"elementor-button elementor-button-link elementor-size-md elementor-animation-pulse-shrink\" href=\"https:\/\/algeditech.com\/fr\/service\/\">\n\t\t\t\t\t\t<span class=\"elementor-button-content-wrapper\">\n\t\t\t\t\t\t<span class=\"elementor-button-icon\">\n\t\t\t\t<svg aria-hidden=\"true\" class=\"e-font-icon-svg e-fas-angle-double-left\" viewBox=\"0 0 448 512\" xmlns=\"http:\/\/www.w3.org\/2000\/svg\"><path d=\"M223.7 239l136-136c9.4-9.4 24.6-9.4 33.9 0l22.6 22.6c9.4 9.4 9.4 24.6 0 33.9L319.9 256l96.4 96.4c9.4 9.4 9.4 24.6 0 33.9L393.7 409c-9.4 9.4-24.6 9.4-33.9 0l-136-136c-9.5-9.4-9.5-24.6-.1-34zm-192 34l136 136c9.4 9.4 24.6 9.4 33.9 0l22.6-22.6c9.4-9.4 9.4-24.6 0-33.9L127.9 256l96.4-96.4c9.4-9.4 9.4-24.6 0-33.9L201.7 103c-9.4-9.4-24.6-9.4-33.9 0l-136 136c-9.5 9.4-9.5 24.6-.1 34z\"><\/path><\/svg>\t\t\t<\/span>\n\t\t\t\t\t\t\t\t\t<span class=\"elementor-button-text\">retour aux services<\/span>\n\t\t\t\t\t<\/span>\n\t\t\t\t\t<\/a>\n\t\t\t\t\t\t\t\t<\/div>\n\t\t\t\t<\/div>\n\t\t\t\t<\/div>\n\t\t","protected":false},"excerpt":{"rendered":"<p>ETUDE ET D\u00c9VELOPPEMENT ETUDE ET D\u00c9VELOPPEMENT DES SOFTWARE Notre professionnalisme nous permet d\u2019\u00eatre un partenaire fiable pour le d\u00e9veloppement des \u00e9tudes m\u00e9caniques 3D, pour l\u2019\u00e9tude des soft Omron, Bechoff, Siemens et CNI pour les \u00e9tudes \u00e9lectriques et le d\u00e9veloppement des pr\u00e9projets d\u2019implantations. retour aux services<\/p>\n","protected":false},"author":1,"featured_media":0,"parent":0,"menu_order":0,"comment_status":"closed","ping_status":"closed","template":"","meta":{"footnotes":""},"class_list":["post-1157","page","type-page","status-publish","hentry"],"_links":{"self":[{"href":"https:\/\/algeditech.com\/fr\/wp-json\/wp\/v2\/pages\/1157","targetHints":{"allow":["GET"]}}],"collection":[{"href":"https:\/\/algeditech.com\/fr\/wp-json\/wp\/v2\/pages"}],"about":[{"href":"https:\/\/algeditech.com\/fr\/wp-json\/wp\/v2\/types\/page"}],"author":[{"embeddable":true,"href":"https:\/\/algeditech.com\/fr\/wp-json\/wp\/v2\/users\/1"}],"replies":[{"embeddable":true,"href":"https:\/\/algeditech.com\/fr\/wp-json\/wp\/v2\/comments?post=1157"}],"version-history":[{"count":3,"href":"https:\/\/algeditech.com\/fr\/wp-json\/wp\/v2\/pages\/1157\/revisions"}],"predecessor-version":[{"id":1165,"href":"https:\/\/algeditech.com\/fr\/wp-json\/wp\/v2\/pages\/1157\/revisions\/1165"}],"wp:attachment":[{"href":"https:\/\/algeditech.com\/fr\/wp-json\/wp\/v2\/media?parent=1157"}],"curies":[{"name":"wp","href":"https:\/\/api.w.org\/{rel}","templated":true}]}}