{"id":1148,"date":"2025-04-15T10:55:08","date_gmt":"2025-04-15T08:55:08","guid":{"rendered":"https:\/\/algeditech.com\/consultation-et-support\/"},"modified":"2025-06-05T09:50:05","modified_gmt":"2025-06-05T07:50:05","slug":"consultation-et-support","status":"publish","type":"page","link":"https:\/\/algeditech.com\/fr\/consultation-et-support\/","title":{"rendered":"Consultation et Support"},"content":{"rendered":"\t\t<div data-elementor-type=\"wp-page\" data-elementor-id=\"1148\" class=\"elementor elementor-1148 elementor-414\" data-elementor-post-type=\"page\">\n\t\t\t\t<div class=\"elementor-element elementor-element-4647838 e-con-full e-flex e-con e-parent\" data-id=\"4647838\" data-element_type=\"container\" data-e-type=\"container\" data-settings=\"{&quot;background_background&quot;:&quot;classic&quot;}\">\n\t\t<div class=\"elementor-element elementor-element-a6223bd e-con-full e-flex e-con e-child\" data-id=\"a6223bd\" data-element_type=\"container\" data-e-type=\"container\">\n\t\t\t\t<div class=\"elementor-element elementor-element-7bd8d33 elementor-widget elementor-widget-heading\" data-id=\"7bd8d33\" data-element_type=\"widget\" data-e-type=\"widget\" data-widget_type=\"heading.default\">\n\t\t\t\t\t<h1 class=\"elementor-heading-title elementor-size-default\">CONSULTATION ET SUPPORT<\/h1>\t\t\t\t<\/div>\n\t\t\t\t<\/div>\n\t\t\t\t<\/div>\n\t\t<div class=\"elementor-element elementor-element-a181ab7 e-con-full e-flex e-con e-parent\" data-id=\"a181ab7\" data-element_type=\"container\" data-e-type=\"container\" data-settings=\"{&quot;background_background&quot;:&quot;classic&quot;}\">\n\t\t<div class=\"elementor-element elementor-element-88142f8 e-flex e-con-boxed e-con e-child\" data-id=\"88142f8\" data-element_type=\"container\" data-e-type=\"container\" data-settings=\"{&quot;background_background&quot;:&quot;classic&quot;}\">\n\t\t\t\t\t<div class=\"e-con-inner\">\n\t\t\t\t<div class=\"elementor-element elementor-element-067d1ac elementor-widget elementor-widget-heading\" data-id=\"067d1ac\" data-element_type=\"widget\" data-e-type=\"widget\" data-widget_type=\"heading.default\">\n\t\t\t\t\t<h2 class=\"elementor-heading-title elementor-size-default\">CONSULTATION COMMERCIALE ET TECHNIQUE<\/h2>\t\t\t\t<\/div>\n\t\t\t\t<div class=\"elementor-element elementor-element-f6ac2af elementor-widget-divider--view-line elementor-widget elementor-widget-divider\" data-id=\"f6ac2af\" data-element_type=\"widget\" data-e-type=\"widget\" data-widget_type=\"divider.default\">\n\t\t\t\t\t\t\t<div class=\"elementor-divider\">\n\t\t\t<span class=\"elementor-divider-separator\">\n\t\t\t\t\t\t<\/span>\n\t\t<\/div>\n\t\t\t\t\t\t<\/div>\n\t\t\t\t<div class=\"elementor-element elementor-element-2fd541b elementor-widget elementor-widget-text-editor\" data-id=\"2fd541b\" data-element_type=\"widget\" data-e-type=\"widget\" data-widget_type=\"text-editor.default\">\n\t\t\t\t\t\t\t\t\t<p>Nous vous accompagnons dans chaque phase de <strong>r\u00e9flexion de faisabilit\u00e9<\/strong>, d\u2019<strong>engineering<\/strong> et de <strong>gestion du team projet<\/strong>.<\/p>\t\t\t\t\t\t\t\t<\/div>\n\t\t\t\t<div class=\"elementor-element elementor-element-32c3d26 elementor-widget elementor-widget-spacer\" data-id=\"32c3d26\" data-element_type=\"widget\" data-e-type=\"widget\" data-widget_type=\"spacer.default\">\n\t\t\t\t\t\t\t<div class=\"elementor-spacer\">\n\t\t\t<div class=\"elementor-spacer-inner\"><\/div>\n\t\t<\/div>\n\t\t\t\t\t\t<\/div>\n\t\t\t\t<div class=\"elementor-element elementor-element-53acbc1 elementor-widget elementor-widget-heading\" data-id=\"53acbc1\" data-element_type=\"widget\" data-e-type=\"widget\" data-widget_type=\"heading.default\">\n\t\t\t\t\t<h2 class=\"elementor-heading-title elementor-size-default\">SUPPORT DANS L\u2019ANALYSE POUR MACHINES AUTOMATIQUES<\/h2>\t\t\t\t<\/div>\n\t\t\t\t<div class=\"elementor-element elementor-element-7559a83 elementor-widget-divider--view-line elementor-widget elementor-widget-divider\" data-id=\"7559a83\" data-element_type=\"widget\" data-e-type=\"widget\" data-widget_type=\"divider.default\">\n\t\t\t\t\t\t\t<div class=\"elementor-divider\">\n\t\t\t<span class=\"elementor-divider-separator\">\n\t\t\t\t\t\t<\/span>\n\t\t<\/div>\n\t\t\t\t\t\t<\/div>\n\t\t\t\t<div class=\"elementor-element elementor-element-7e267eb elementor-widget elementor-widget-text-editor\" data-id=\"7e267eb\" data-element_type=\"widget\" data-e-type=\"widget\" data-widget_type=\"text-editor.default\">\n\t\t\t\t\t\t\t\t\t<p>Forts de notre exp\u00e9rience issue du terrain notre <strong>aide<\/strong> couvre toutes les activit\u00e9s techniques dans les aspects sp\u00e9cifiques de l\u2019<strong>\u00e9tude m\u00e9canique<\/strong>, <strong>\u00e9lectrique<\/strong> et <strong>software<\/strong>. Nous garantissons toutes les <strong>phases de fabrication<\/strong>: achat, montage et mise en service.<\/p>\t\t\t\t\t\t\t\t<\/div>\n\t\t\t\t\t<\/div>\n\t\t\t\t<\/div>\n\t\t\t\t<\/div>\n\t\t<div class=\"elementor-element elementor-element-c0a2a9e e-con-full e-flex e-con e-parent\" data-id=\"c0a2a9e\" data-element_type=\"container\" data-e-type=\"container\">\n\t\t<div class=\"elementor-element elementor-element-9f1f402 e-con-full e-flex e-con e-child\" data-id=\"9f1f402\" data-element_type=\"container\" data-e-type=\"container\">\n\t\t\t\t<div class=\"elementor-element elementor-element-cbc8cd2 elementor-widget elementor-widget-gallery\" data-id=\"cbc8cd2\" data-element_type=\"widget\" data-e-type=\"widget\" data-settings=\"{&quot;columns_mobile&quot;:2,&quot;aspect_ratio&quot;:&quot;1:1&quot;,&quot;lazyload&quot;:&quot;yes&quot;,&quot;gallery_layout&quot;:&quot;grid&quot;,&quot;columns&quot;:4,&quot;columns_tablet&quot;:2,&quot;gap&quot;:{&quot;unit&quot;:&quot;px&quot;,&quot;size&quot;:10,&quot;sizes&quot;:[]},&quot;gap_tablet&quot;:{&quot;unit&quot;:&quot;px&quot;,&quot;size&quot;:10,&quot;sizes&quot;:[]},&quot;gap_mobile&quot;:{&quot;unit&quot;:&quot;px&quot;,&quot;size&quot;:10,&quot;sizes&quot;:[]},&quot;link_to&quot;:&quot;file&quot;,&quot;overlay_background&quot;:&quot;yes&quot;,&quot;content_hover_animation&quot;:&quot;fade-in&quot;}\" data-widget_type=\"gallery.default\">\n\t\t\t\t\t\t\t<div class=\"elementor-gallery__container\">\n\t\t\t\t\t\t\t<a class=\"e-gallery-item elementor-gallery-item elementor-animated-content\" href=\"https:\/\/algeditech.com\/wp-content\/uploads\/2025\/05\/servizi_consulenza-e-supporto01.webp\" data-elementor-open-lightbox=\"yes\" data-elementor-lightbox-slideshow=\"cbc8cd2\" data-elementor-lightbox-title=\"servizi_consulenza-e-supporto01\" data-e-action-hash=\"#elementor-action%3Aaction%3Dlightbox%26settings%3DeyJpZCI6ODc0LCJ1cmwiOiJodHRwczpcL1wvYWxnZWRpdGVjaC5jb21cL3dwLWNvbnRlbnRcL3VwbG9hZHNcLzIwMjVcLzA1XC9zZXJ2aXppX2NvbnN1bGVuemEtZS1zdXBwb3J0bzAxLndlYnAiLCJzbGlkZXNob3ciOiJjYmM4Y2QyIn0%3D\">\n\t\t\t\t\t<div class=\"e-gallery-image elementor-gallery-item__image\" data-thumbnail=\"https:\/\/algeditech.com\/wp-content\/uploads\/2025\/05\/servizi_consulenza-e-supporto01-768x510.webp\" data-width=\"768\" data-height=\"510\" aria-label=\"\" role=\"img\" ><\/div>\n\t\t\t\t\t\t\t\t\t\t\t<div class=\"elementor-gallery-item__overlay\"><\/div>\n\t\t\t\t\t\t\t\t\t\t\t\t\t\t<\/a>\n\t\t\t\t\t\t\t<a class=\"e-gallery-item elementor-gallery-item elementor-animated-content\" href=\"https:\/\/algeditech.com\/wp-content\/uploads\/2025\/05\/servizi_consulenza-e-supporto02.webp\" data-elementor-open-lightbox=\"yes\" data-elementor-lightbox-slideshow=\"cbc8cd2\" data-elementor-lightbox-title=\"servizi_consulenza-e-supporto02\" data-e-action-hash=\"#elementor-action%3Aaction%3Dlightbox%26settings%3DeyJpZCI6ODc3LCJ1cmwiOiJodHRwczpcL1wvYWxnZWRpdGVjaC5jb21cL3dwLWNvbnRlbnRcL3VwbG9hZHNcLzIwMjVcLzA1XC9zZXJ2aXppX2NvbnN1bGVuemEtZS1zdXBwb3J0bzAyLndlYnAiLCJzbGlkZXNob3ciOiJjYmM4Y2QyIn0%3D\">\n\t\t\t\t\t<div class=\"e-gallery-image elementor-gallery-item__image\" data-thumbnail=\"https:\/\/algeditech.com\/wp-content\/uploads\/2025\/05\/servizi_consulenza-e-supporto02-768x510.webp\" data-width=\"768\" data-height=\"510\" aria-label=\"\" role=\"img\" ><\/div>\n\t\t\t\t\t\t\t\t\t\t\t<div class=\"elementor-gallery-item__overlay\"><\/div>\n\t\t\t\t\t\t\t\t\t\t\t\t\t\t<\/a>\n\t\t\t\t\t\t\t<a class=\"e-gallery-item elementor-gallery-item elementor-animated-content\" href=\"https:\/\/algeditech.com\/wp-content\/uploads\/2025\/05\/servizi_consulenza-e-supporto03.webp\" data-elementor-open-lightbox=\"yes\" data-elementor-lightbox-slideshow=\"cbc8cd2\" data-elementor-lightbox-title=\"servizi_consulenza-e-supporto03\" data-e-action-hash=\"#elementor-action%3Aaction%3Dlightbox%26settings%3DeyJpZCI6ODc5LCJ1cmwiOiJodHRwczpcL1wvYWxnZWRpdGVjaC5jb21cL3dwLWNvbnRlbnRcL3VwbG9hZHNcLzIwMjVcLzA1XC9zZXJ2aXppX2NvbnN1bGVuemEtZS1zdXBwb3J0bzAzLndlYnAiLCJzbGlkZXNob3ciOiJjYmM4Y2QyIn0%3D\">\n\t\t\t\t\t<div class=\"e-gallery-image elementor-gallery-item__image\" data-thumbnail=\"https:\/\/algeditech.com\/wp-content\/uploads\/2025\/05\/servizi_consulenza-e-supporto03-768x510.webp\" data-width=\"768\" data-height=\"510\" aria-label=\"\" role=\"img\" ><\/div>\n\t\t\t\t\t\t\t\t\t\t\t<div class=\"elementor-gallery-item__overlay\"><\/div>\n\t\t\t\t\t\t\t\t\t\t\t\t\t\t<\/a>\n\t\t\t\t\t\t\t<a class=\"e-gallery-item elementor-gallery-item elementor-animated-content\" href=\"https:\/\/algeditech.com\/wp-content\/uploads\/2025\/05\/servizi_consulenza-e-supporto04.webp\" data-elementor-open-lightbox=\"yes\" data-elementor-lightbox-slideshow=\"cbc8cd2\" data-elementor-lightbox-title=\"servizi_consulenza-e-supporto04\" data-e-action-hash=\"#elementor-action%3Aaction%3Dlightbox%26settings%3DeyJpZCI6ODgxLCJ1cmwiOiJodHRwczpcL1wvYWxnZWRpdGVjaC5jb21cL3dwLWNvbnRlbnRcL3VwbG9hZHNcLzIwMjVcLzA1XC9zZXJ2aXppX2NvbnN1bGVuemEtZS1zdXBwb3J0bzA0LndlYnAiLCJzbGlkZXNob3ciOiJjYmM4Y2QyIn0%3D\">\n\t\t\t\t\t<div class=\"e-gallery-image elementor-gallery-item__image\" data-thumbnail=\"https:\/\/algeditech.com\/wp-content\/uploads\/2025\/05\/servizi_consulenza-e-supporto04-768x510.webp\" data-width=\"768\" data-height=\"510\" aria-label=\"\" role=\"img\" ><\/div>\n\t\t\t\t\t\t\t\t\t\t\t<div class=\"elementor-gallery-item__overlay\"><\/div>\n\t\t\t\t\t\t\t\t\t\t\t\t\t\t<\/a>\n\t\t\t\t\t<\/div>\n\t\t\t\t\t<\/div>\n\t\t\t\t<\/div>\n\t\t\t\t<\/div>\n\t\t<div class=\"elementor-element elementor-element-69a22a1 e-con-full e-flex e-con e-child\" data-id=\"69a22a1\" data-element_type=\"container\" data-e-type=\"container\" data-settings=\"{&quot;background_background&quot;:&quot;classic&quot;}\">\n\t\t\t\t<div class=\"elementor-element elementor-element-6fcfd60 elementor-invisible elementor-widget elementor-widget-button\" data-id=\"6fcfd60\" data-element_type=\"widget\" data-e-type=\"widget\" data-settings=\"{&quot;_animation&quot;:&quot;fadeInLeft&quot;}\" data-widget_type=\"button.default\">\n\t\t\t\t\t\t\t\t\t\t<a class=\"elementor-button elementor-button-link elementor-size-md elementor-animation-pulse-shrink\" href=\"https:\/\/algeditech.com\/fr\/service\/\">\n\t\t\t\t\t\t<span class=\"elementor-button-content-wrapper\">\n\t\t\t\t\t\t<span class=\"elementor-button-icon\">\n\t\t\t\t<svg aria-hidden=\"true\" class=\"e-font-icon-svg e-fas-angle-double-left\" viewBox=\"0 0 448 512\" xmlns=\"http:\/\/www.w3.org\/2000\/svg\"><path d=\"M223.7 239l136-136c9.4-9.4 24.6-9.4 33.9 0l22.6 22.6c9.4 9.4 9.4 24.6 0 33.9L319.9 256l96.4 96.4c9.4 9.4 9.4 24.6 0 33.9L393.7 409c-9.4 9.4-24.6 9.4-33.9 0l-136-136c-9.5-9.4-9.5-24.6-.1-34zm-192 34l136 136c9.4 9.4 24.6 9.4 33.9 0l22.6-22.6c9.4-9.4 9.4-24.6 0-33.9L127.9 256l96.4-96.4c9.4-9.4 9.4-24.6 0-33.9L201.7 103c-9.4-9.4-24.6-9.4-33.9 0l-136 136c-9.5 9.4-9.5 24.6-.1 34z\"><\/path><\/svg>\t\t\t<\/span>\n\t\t\t\t\t\t\t\t\t<span class=\"elementor-button-text\">retour aux services<\/span>\n\t\t\t\t\t<\/span>\n\t\t\t\t\t<\/a>\n\t\t\t\t\t\t\t\t<\/div>\n\t\t\t\t<\/div>\n\t\t\t\t<\/div>\n\t\t","protected":false},"excerpt":{"rendered":"<p>CONSULTATION ET SUPPORT CONSULTATION COMMERCIALE ET TECHNIQUE Nous vous accompagnons dans chaque phase de r\u00e9flexion de faisabilit\u00e9, d\u2019engineering et de gestion du team projet. SUPPORT DANS L\u2019ANALYSE POUR MACHINES AUTOMATIQUES Forts de notre exp\u00e9rience issue du terrain notre aide couvre toutes les activit\u00e9s techniques dans les aspects sp\u00e9cifiques de l\u2019\u00e9tude m\u00e9canique, \u00e9lectrique et software. Nous [&hellip;]<\/p>\n","protected":false},"author":1,"featured_media":0,"parent":0,"menu_order":0,"comment_status":"closed","ping_status":"closed","template":"","meta":{"footnotes":""},"class_list":["post-1148","page","type-page","status-publish","hentry"],"_links":{"self":[{"href":"https:\/\/algeditech.com\/fr\/wp-json\/wp\/v2\/pages\/1148","targetHints":{"allow":["GET"]}}],"collection":[{"href":"https:\/\/algeditech.com\/fr\/wp-json\/wp\/v2\/pages"}],"about":[{"href":"https:\/\/algeditech.com\/fr\/wp-json\/wp\/v2\/types\/page"}],"author":[{"embeddable":true,"href":"https:\/\/algeditech.com\/fr\/wp-json\/wp\/v2\/users\/1"}],"replies":[{"embeddable":true,"href":"https:\/\/algeditech.com\/fr\/wp-json\/wp\/v2\/comments?post=1148"}],"version-history":[{"count":3,"href":"https:\/\/algeditech.com\/fr\/wp-json\/wp\/v2\/pages\/1148\/revisions"}],"predecessor-version":[{"id":1156,"href":"https:\/\/algeditech.com\/fr\/wp-json\/wp\/v2\/pages\/1148\/revisions\/1156"}],"wp:attachment":[{"href":"https:\/\/algeditech.com\/fr\/wp-json\/wp\/v2\/media?parent=1148"}],"curies":[{"name":"wp","href":"https:\/\/api.w.org\/{rel}","templated":true}]}}