{"id":1126,"date":"2025-04-11T19:51:43","date_gmt":"2025-04-11T17:51:43","guid":{"rendered":"https:\/\/algeditech.com\/qui-sommes-nous\/"},"modified":"2025-06-05T09:34:01","modified_gmt":"2025-06-05T07:34:01","slug":"qui-sommes-nous","status":"publish","type":"page","link":"https:\/\/algeditech.com\/fr\/qui-sommes-nous\/","title":{"rendered":"Qui sommes-nous"},"content":{"rendered":"\t\t<div data-elementor-type=\"wp-page\" data-elementor-id=\"1126\" class=\"elementor elementor-1126 elementor-246\" data-elementor-post-type=\"page\">\n\t\t\t\t<div class=\"elementor-element elementor-element-42f9eeb e-con-full e-flex e-con e-parent\" data-id=\"42f9eeb\" data-element_type=\"container\" data-e-type=\"container\" data-settings=\"{&quot;background_background&quot;:&quot;classic&quot;}\">\n\t\t<div class=\"elementor-element elementor-element-165a9b9 e-con-full e-flex e-con e-child\" data-id=\"165a9b9\" data-element_type=\"container\" data-e-type=\"container\">\n\t\t\t\t<div class=\"elementor-element elementor-element-aa107a6 elementor-widget elementor-widget-heading\" data-id=\"aa107a6\" data-element_type=\"widget\" data-e-type=\"widget\" data-widget_type=\"heading.default\">\n\t\t\t\t\t<h1 class=\"elementor-heading-title elementor-size-default\">QUI SOMMES-NOUS<\/h1>\t\t\t\t<\/div>\n\t\t\t\t<\/div>\n\t\t\t\t<\/div>\n\t\t<div class=\"elementor-element elementor-element-105348c e-con-full e-flex e-con e-parent\" data-id=\"105348c\" data-element_type=\"container\" data-e-type=\"container\" data-settings=\"{&quot;background_background&quot;:&quot;classic&quot;}\">\n\t\t<div class=\"elementor-element elementor-element-da973e7 e-con-full e-flex e-con e-child\" data-id=\"da973e7\" data-element_type=\"container\" data-e-type=\"container\">\n\t\t<div class=\"elementor-element elementor-element-415fd23 e-con-full e-flex e-con e-child\" data-id=\"415fd23\" data-element_type=\"container\" data-e-type=\"container\">\n\t\t\t\t<div class=\"elementor-element elementor-element-217026d elementor-widget elementor-widget-image\" data-id=\"217026d\" data-element_type=\"widget\" data-e-type=\"widget\" data-widget_type=\"image.default\">\n\t\t\t\t\t\t\t\t\t\t\t\t\t\t\t<img fetchpriority=\"high\" decoding=\"async\" width=\"800\" height=\"135\" src=\"https:\/\/algeditech.com\/wp-content\/uploads\/2025\/04\/logo_algeditech_big.webp\" class=\"attachment-large size-large wp-image-1206\" alt=\"\" srcset=\"https:\/\/algeditech.com\/wp-content\/uploads\/2025\/04\/logo_algeditech_big.webp 945w, https:\/\/algeditech.com\/wp-content\/uploads\/2025\/04\/logo_algeditech_big-300x51.webp 300w, https:\/\/algeditech.com\/wp-content\/uploads\/2025\/04\/logo_algeditech_big-768x130.webp 768w\" sizes=\"(max-width: 800px) 100vw, 800px\" \/>\t\t\t\t\t\t\t\t\t\t\t\t\t\t\t<\/div>\n\t\t\t\t<\/div>\n\t\t<div class=\"elementor-element elementor-element-2a721e2 e-con-full e-flex e-con e-child\" data-id=\"2a721e2\" data-element_type=\"container\" data-e-type=\"container\" data-settings=\"{&quot;background_background&quot;:&quot;classic&quot;}\">\n\t\t<div class=\"elementor-element elementor-element-aba74af e-flex e-con-boxed e-con e-child\" data-id=\"aba74af\" data-element_type=\"container\" data-e-type=\"container\">\n\t\t\t\t\t<div class=\"e-con-inner\">\n\t\t<div class=\"elementor-element elementor-element-198183d e-con-full e-flex e-con e-child\" data-id=\"198183d\" data-element_type=\"container\" data-e-type=\"container\">\n\t\t\t\t<div class=\"elementor-element elementor-element-7aabf80 elementor-widget elementor-widget-text-editor\" data-id=\"7aabf80\" data-element_type=\"widget\" data-e-type=\"widget\" data-widget_type=\"text-editor.default\">\n\t\t\t\t\t\t\t\t\t<p>Nous sommes une jeune soci\u00e9t\u00e9 n\u00e9e dans un contexte tr\u00e8s favorable \u00e0 <strong>l\u2019industrie m\u00e9catronique<\/strong> d\u00e9velopp\u00e9e par <strong>Andrea et Roberto Fulcini<\/strong>. Nous sommes des techniciens de grande exp\u00e9rience et professionnalit\u00e9 et issus de grandes soci\u00e9t\u00e9s comme Celaschi GMC et <strong>Fametec GM<\/strong> (Nous sommes les fondateurs de cette derni\u00e8re)<\/p><p>Depuis plus de <strong>25 ans<\/strong> nous recherchons continuellement de <strong>nouvelles technologies et solutions<\/strong> pour construire des implantations qui satisfassent compl\u00e8tement vos exigences&#8230;<\/p><p>Chaque jour Nous affrontons chez <strong>Algedi Tech<\/strong> des probl\u00e8mes ambitieux et stimulants pour consolider une r\u00e9alit\u00e9 toujours plus s\u00e9rieuse et cr\u00e9dible dans notre monde de la <strong>construction des machines pour l\u2019usinage du bois, mais pas uniquement<\/strong>.<br>Nous sommes en perp\u00e9tuelle recherche de la confrontation afin de parcourir ensemble la route permettant de donner une forme concr\u00e8te \u00e0 votre projet.<\/p><p>La Division Algedi Tech poss\u00e8de un important \u00ab know-how \u00bb lui permettant d\u2019\u00eatre une soci\u00e9t\u00e9 dynamique en mesure d\u2019imaginer, concevoir, projeter et r\u00e9aliser des <strong>machines isol\u00e9es<\/strong>, <strong>centre d\u2019usinages<\/strong> ou <strong>lignes complexes de production<\/strong>, afin de d\u00e9velopper des solutions \u00ab\u00a0cl\u00e9 en main\u00a0\u00bb.<\/p>\t\t\t\t\t\t\t\t<\/div>\n\t\t\t\t<\/div>\n\t\t\t\t\t<\/div>\n\t\t\t\t<\/div>\n\t\t\t\t<\/div>\n\t\t\t\t<\/div>\n\t\t\t\t<\/div>\n\t\t<div class=\"elementor-element elementor-element-30bd997 e-con-full e-flex e-con e-parent\" data-id=\"30bd997\" data-element_type=\"container\" data-e-type=\"container\" data-settings=\"{&quot;background_background&quot;:&quot;classic&quot;}\">\n\t\t<div class=\"elementor-element elementor-element-0da20de e-flex e-con-boxed e-con e-child\" data-id=\"0da20de\" data-element_type=\"container\" data-e-type=\"container\">\n\t\t\t\t\t<div class=\"e-con-inner\">\n\t\t<div class=\"elementor-element elementor-element-138f58b e-con-full e-flex e-con e-child\" data-id=\"138f58b\" data-element_type=\"container\" data-e-type=\"container\">\n\t\t\t\t<div class=\"elementor-element elementor-element-e1c2871 elementor-widget elementor-widget-heading\" data-id=\"e1c2871\" data-element_type=\"widget\" data-e-type=\"widget\" data-widget_type=\"heading.default\">\n\t\t\t\t\t<h2 class=\"elementor-heading-title elementor-size-default\">ROBERTO FULCINI<\/h2>\t\t\t\t<\/div>\n\t\t\t\t<div class=\"elementor-element elementor-element-a2ff96a elementor-widget-divider--view-line elementor-widget elementor-widget-divider\" data-id=\"a2ff96a\" data-element_type=\"widget\" data-e-type=\"widget\" data-widget_type=\"divider.default\">\n\t\t\t\t\t\t\t<div class=\"elementor-divider\">\n\t\t\t<span class=\"elementor-divider-separator\">\n\t\t\t\t\t\t<\/span>\n\t\t<\/div>\n\t\t\t\t\t\t<\/div>\n\t\t\t\t<div class=\"elementor-element elementor-element-bfd421f elementor-widget elementor-widget-text-editor\" data-id=\"bfd421f\" data-element_type=\"widget\" data-e-type=\"widget\" data-widget_type=\"text-editor.default\">\n\t\t\t\t\t\t\t\t\t<p><em>\u00ab\u00a0L&rsquo;imagination est tout.<\/em><\/p><p><em>C\u2019est l\u2019attraction future de la vie.\u00a0\u00bb<\/em><\/p>\t\t\t\t\t\t\t\t<\/div>\n\t\t\t\t<div class=\"elementor-element elementor-element-c678e85 elementor-widget elementor-widget-text-editor\" data-id=\"c678e85\" data-element_type=\"widget\" data-e-type=\"widget\" data-widget_type=\"text-editor.default\">\n\t\t\t\t\t\t\t\t\t<p>Roberto Fulcini<\/p>\t\t\t\t\t\t\t\t<\/div>\n\t\t\t\t<\/div>\n\t\t<div class=\"elementor-element elementor-element-311268d e-con-full e-flex e-con e-child\" data-id=\"311268d\" data-element_type=\"container\" data-e-type=\"container\" data-settings=\"{&quot;background_background&quot;:&quot;classic&quot;}\">\n\t\t\t\t<div class=\"elementor-element elementor-element-2fa0f7b elementor-invisible elementor-widget elementor-widget-image\" data-id=\"2fa0f7b\" data-element_type=\"widget\" data-e-type=\"widget\" data-settings=\"{&quot;_animation_delay&quot;:0,&quot;_animation&quot;:&quot;fadeInRight&quot;}\" data-widget_type=\"image.default\">\n\t\t\t\t\t\t\t\t\t\t\t\t\t\t\t<img decoding=\"async\" width=\"400\" height=\"600\" src=\"https:\/\/algeditech.com\/wp-content\/uploads\/2025\/04\/roberto01.jpg\" class=\"attachment-large size-large wp-image-1128\" alt=\"\" srcset=\"https:\/\/algeditech.com\/wp-content\/uploads\/2025\/04\/roberto01.jpg 400w, https:\/\/algeditech.com\/wp-content\/uploads\/2025\/04\/roberto01-200x300.jpg 200w\" sizes=\"(max-width: 400px) 100vw, 400px\" \/>\t\t\t\t\t\t\t\t\t\t\t\t\t\t\t<\/div>\n\t\t\t\t<\/div>\n\t\t\t\t\t<\/div>\n\t\t\t\t<\/div>\n\t\t\t\t<\/div>\n\t\t<div class=\"elementor-element elementor-element-63c13de e-con-full e-flex e-con e-parent\" data-id=\"63c13de\" data-element_type=\"container\" data-e-type=\"container\" data-settings=\"{&quot;background_background&quot;:&quot;classic&quot;}\">\n\t\t<div class=\"elementor-element elementor-element-7e23f49 e-flex e-con-boxed e-con e-child\" data-id=\"7e23f49\" data-element_type=\"container\" data-e-type=\"container\">\n\t\t\t\t\t<div class=\"e-con-inner\">\n\t\t<div class=\"elementor-element elementor-element-5dea7c3 e-con-full e-flex e-con e-child\" data-id=\"5dea7c3\" data-element_type=\"container\" data-e-type=\"container\" data-settings=\"{&quot;background_background&quot;:&quot;classic&quot;}\">\n\t\t\t\t<div class=\"elementor-element elementor-element-df00790 elementor-invisible elementor-widget elementor-widget-image\" data-id=\"df00790\" data-element_type=\"widget\" data-e-type=\"widget\" data-settings=\"{&quot;_animation_delay&quot;:0,&quot;_animation&quot;:&quot;fadeInLeft&quot;}\" data-widget_type=\"image.default\">\n\t\t\t\t\t\t\t\t\t\t\t\t\t\t\t<img decoding=\"async\" width=\"400\" height=\"600\" src=\"https:\/\/algeditech.com\/wp-content\/uploads\/2025\/04\/andrea01.jpg\" class=\"attachment-large size-large wp-image-1127\" alt=\"\" srcset=\"https:\/\/algeditech.com\/wp-content\/uploads\/2025\/04\/andrea01.jpg 400w, https:\/\/algeditech.com\/wp-content\/uploads\/2025\/04\/andrea01-200x300.jpg 200w\" sizes=\"(max-width: 400px) 100vw, 400px\" \/>\t\t\t\t\t\t\t\t\t\t\t\t\t\t\t<\/div>\n\t\t\t\t<\/div>\n\t\t<div class=\"elementor-element elementor-element-5a5e108 e-con-full e-flex e-con e-child\" data-id=\"5a5e108\" data-element_type=\"container\" data-e-type=\"container\">\n\t\t\t\t<div class=\"elementor-element elementor-element-6be7e29 elementor-widget elementor-widget-heading\" data-id=\"6be7e29\" data-element_type=\"widget\" data-e-type=\"widget\" data-widget_type=\"heading.default\">\n\t\t\t\t\t<h2 class=\"elementor-heading-title elementor-size-default\">ANDREA FULCINI<\/h2>\t\t\t\t<\/div>\n\t\t\t\t<div class=\"elementor-element elementor-element-6392e0a elementor-widget-divider--view-line elementor-widget elementor-widget-divider\" data-id=\"6392e0a\" data-element_type=\"widget\" data-e-type=\"widget\" data-widget_type=\"divider.default\">\n\t\t\t\t\t\t\t<div class=\"elementor-divider\">\n\t\t\t<span class=\"elementor-divider-separator\">\n\t\t\t\t\t\t<\/span>\n\t\t<\/div>\n\t\t\t\t\t\t<\/div>\n\t\t\t\t<div class=\"elementor-element elementor-element-4740429 elementor-widget elementor-widget-text-editor\" data-id=\"4740429\" data-element_type=\"widget\" data-e-type=\"widget\" data-widget_type=\"text-editor.default\">\n\t\t\t\t\t\t\t\t\t<em>\u00ab\u00a0Si dans un premier temps une id\u00e9e n\u2019est pas absurde, alors il n\u2019y a pas d\u2019espoir qu\u2019elle se r\u00e9alise.\u00a0\u00bb<\/em>\t\t\t\t\t\t\t\t<\/div>\n\t\t\t\t<div class=\"elementor-element elementor-element-0047e64 elementor-widget elementor-widget-text-editor\" data-id=\"0047e64\" data-element_type=\"widget\" data-e-type=\"widget\" data-widget_type=\"text-editor.default\">\n\t\t\t\t\t\t\t\t\t<p>Andrea Fulcini<\/p>\t\t\t\t\t\t\t\t<\/div>\n\t\t\t\t<\/div>\n\t\t\t\t\t<\/div>\n\t\t\t\t<\/div>\n\t\t\t\t<\/div>\n\t\t<div class=\"elementor-element elementor-element-4c93928 e-con-full e-flex e-con e-parent\" data-id=\"4c93928\" data-element_type=\"container\" data-e-type=\"container\" data-settings=\"{&quot;background_background&quot;:&quot;classic&quot;}\">\n\t\t<div class=\"elementor-element elementor-element-1db7996 e-con-full e-flex e-con e-child\" data-id=\"1db7996\" data-element_type=\"container\" data-e-type=\"container\">\n\t\t<div class=\"elementor-element elementor-element-d432231 e-con-full e-flex e-con e-child\" data-id=\"d432231\" data-element_type=\"container\" data-e-type=\"container\" data-settings=\"{&quot;background_background&quot;:&quot;classic&quot;}\">\n\t\t<div class=\"elementor-element elementor-element-cb291fc e-con-full e-flex e-con e-child\" data-id=\"cb291fc\" data-element_type=\"container\" data-e-type=\"container\">\n\t\t\t\t<div class=\"elementor-element elementor-element-c5d81e0 elementor-widget elementor-widget-image\" data-id=\"c5d81e0\" data-element_type=\"widget\" data-e-type=\"widget\" data-widget_type=\"image.default\">\n\t\t\t\t\t\t\t\t\t\t\t\t\t\t\t<img loading=\"lazy\" decoding=\"async\" width=\"800\" height=\"83\" src=\"https:\/\/algeditech.com\/wp-content\/uploads\/2025\/04\/star.webp\" class=\"attachment-large size-large wp-image-1198\" alt=\"\" srcset=\"https:\/\/algeditech.com\/wp-content\/uploads\/2025\/04\/star.webp 945w, https:\/\/algeditech.com\/wp-content\/uploads\/2025\/04\/star-300x31.webp 300w, https:\/\/algeditech.com\/wp-content\/uploads\/2025\/04\/star-768x80.webp 768w\" sizes=\"(max-width: 800px) 100vw, 800px\" \/>\t\t\t\t\t\t\t\t\t\t\t\t\t\t\t<\/div>\n\t\t\t\t<div class=\"elementor-element elementor-element-fd7d23e elementor-align-center elementor-widget elementor-widget-button\" data-id=\"fd7d23e\" data-element_type=\"widget\" data-e-type=\"widget\" data-widget_type=\"button.default\">\n\t\t\t\t\t\t\t\t\t\t<a class=\"elementor-button elementor-button-link elementor-size-md elementor-animation-pulse-shrink\" href=\"https:\/\/algeditech.com\/fr\/contacts\/\">\n\t\t\t\t\t\t<span class=\"elementor-button-content-wrapper\">\n\t\t\t\t\t\t<span class=\"elementor-button-icon\">\n\t\t\t\t<svg aria-hidden=\"true\" class=\"e-font-icon-svg e-fas-angle-right\" viewBox=\"0 0 256 512\" xmlns=\"http:\/\/www.w3.org\/2000\/svg\"><path d=\"M224.3 273l-136 136c-9.4 9.4-24.6 9.4-33.9 0l-22.6-22.6c-9.4-9.4-9.4-24.6 0-33.9l96.4-96.4-96.4-96.4c-9.4-9.4-9.4-24.6 0-33.9L54.3 103c9.4-9.4 24.6-9.4 33.9 0l136 136c9.5 9.4 9.5 24.6.1 34z\"><\/path><\/svg>\t\t\t<\/span>\n\t\t\t\t\t\t\t\t\t<span class=\"elementor-button-text\">contactez-nous<\/span>\n\t\t\t\t\t<\/span>\n\t\t\t\t\t<\/a>\n\t\t\t\t\t\t\t\t<\/div>\n\t\t\t\t<\/div>\n\t\t\t\t<\/div>\n\t\t\t\t<\/div>\n\t\t\t\t<\/div>\n\t\t\t\t<\/div>\n\t\t","protected":false},"excerpt":{"rendered":"<p>QUI SOMMES-NOUS Nous sommes une jeune soci\u00e9t\u00e9 n\u00e9e dans un contexte tr\u00e8s favorable \u00e0 l\u2019industrie m\u00e9catronique d\u00e9velopp\u00e9e par Andrea et Roberto Fulcini. Nous sommes des techniciens de grande exp\u00e9rience et professionnalit\u00e9 et issus de grandes soci\u00e9t\u00e9s comme Celaschi GMC et Fametec GM (Nous sommes les fondateurs de cette derni\u00e8re) Depuis plus de 25 ans nous [&hellip;]<\/p>\n","protected":false},"author":1,"featured_media":0,"parent":0,"menu_order":0,"comment_status":"closed","ping_status":"closed","template":"","meta":{"footnotes":""},"class_list":["post-1126","page","type-page","status-publish","hentry"],"_links":{"self":[{"href":"https:\/\/algeditech.com\/fr\/wp-json\/wp\/v2\/pages\/1126","targetHints":{"allow":["GET"]}}],"collection":[{"href":"https:\/\/algeditech.com\/fr\/wp-json\/wp\/v2\/pages"}],"about":[{"href":"https:\/\/algeditech.com\/fr\/wp-json\/wp\/v2\/types\/page"}],"author":[{"embeddable":true,"href":"https:\/\/algeditech.com\/fr\/wp-json\/wp\/v2\/users\/1"}],"replies":[{"embeddable":true,"href":"https:\/\/algeditech.com\/fr\/wp-json\/wp\/v2\/comments?post=1126"}],"version-history":[{"count":8,"href":"https:\/\/algeditech.com\/fr\/wp-json\/wp\/v2\/pages\/1126\/revisions"}],"predecessor-version":[{"id":1142,"href":"https:\/\/algeditech.com\/fr\/wp-json\/wp\/v2\/pages\/1126\/revisions\/1142"}],"wp:attachment":[{"href":"https:\/\/algeditech.com\/fr\/wp-json\/wp\/v2\/media?parent=1126"}],"curies":[{"name":"wp","href":"https:\/\/api.w.org\/{rel}","templated":true}]}}